{"id":22,"date":"2025-06-26T22:25:18","date_gmt":"2025-06-26T20:25:18","guid":{"rendered":"https:\/\/franceameriquebourgogne.wordpress.com\/?page_id=22"},"modified":"2025-10-20T16:41:54","modified_gmt":"2025-10-20T16:41:54","slug":"adherer-a-lassociation","status":"publish","type":"page","link":"https:\/\/franceameriquebourgogne.com\/index.php\/adherer-a-lassociation\/","title":{"rendered":"Adh\u00e9rer \u00e0 l&rsquo;association"},"content":{"rendered":"\n<div class=\"wp-block-group alignfull is-style-section-3 fullwidth is-layout-flow wp-block-group-is-layout-flow\" style=\"margin-top:0;margin-bottom:0\">\n<div class=\"wp-block-media-text is-stacked-on-mobile is-image-fill-element\"><figure class=\"wp-block-media-text__media\"><img loading=\"lazy\" decoding=\"async\" width=\"1920\" height=\"1280\" src=\"https:\/\/franceameriquebourgogne.wordpress.com\/wp-content\/uploads\/2025\/06\/audience-2816353_1920.jpg?w=1024\" alt=\"\" class=\"wp-image-65 size-full\" style=\"object-position:100% 50%\" srcset=\"https:\/\/franceameriquebourgogne.com\/wp-content\/uploads\/2025\/06\/audience-2816353_1920.jpg 1920w, https:\/\/franceameriquebourgogne.com\/wp-content\/uploads\/2025\/06\/audience-2816353_1920-300x200.jpg 300w, https:\/\/franceameriquebourgogne.com\/wp-content\/uploads\/2025\/06\/audience-2816353_1920-1024x683.jpg 1024w, https:\/\/franceameriquebourgogne.com\/wp-content\/uploads\/2025\/06\/audience-2816353_1920-768x512.jpg 768w, https:\/\/franceameriquebourgogne.com\/wp-content\/uploads\/2025\/06\/audience-2816353_1920-1536x1024.jpg 1536w\" sizes=\"auto, (max-width: 1920px) 100vw, 1920px\" \/><\/figure><div class=\"wp-block-media-text__content\">\n<div class=\"wp-block-group has-global-padding is-layout-constrained wp-container-core-group-is-layout-d3a7c3b7 wp-block-group-is-layout-constrained\" style=\"padding-top:var(--wp--preset--spacing--10);padding-right:var(--wp--preset--spacing--30);padding-bottom:var(--wp--preset--spacing--10);padding-left:var(--wp--preset--spacing--30)\">\n<h2 class=\"wp-block-heading has-x-large-font-size\">Je fais ma demande d&rsquo;adh\u00e9sion<\/h2>\n\n\n\n<p>1 &#8211; J&rsquo;envoie ou remet en main propre lors d&rsquo;un \u00e9v\u00e8nement un ch\u00e8que, ou je fais un virement :<br>\u00c0 l&rsquo;ordre de FRANCE AMERIQUE BOURGOGNE, situ\u00e9 au 35 rue des \u00c9rables, 21800 Quetigny.<br>RIB : FR76 1807 9211 8102 4522 4294 047<\/p>\n\n\n\n<p>2 &#8211; J&rsquo;informe l&rsquo;association que le paiement de la cotisation d&rsquo;adh\u00e9sion a \u00e9t\u00e9 effectu\u00e9 en remplissant le formulaire ci-dessous.<\/p>\n\n\n<div class=\"wp-block-jetpack-contact-form is-style-default wp-elements-b3ff845d48f5dad5f7882c1f0c718c6b\"><a href=\"https:\/\/franceameriquebourgogne.com\/index.php\/adherer-a-lassociation\/\" target=\"_blank\" rel=\"noopener noreferrer\">Soumettre un formulaire.<\/a><\/div><\/div>\n<\/div><\/div>\n<\/div>\n\n\n\n<div class=\"wp-block-columns alignfull is-layout-flex wp-container-core-columns-is-layout-28f84493 wp-block-columns-is-layout-flex\">\n<div class=\"wp-block-column is-layout-flow wp-block-column-is-layout-flow\" style=\"flex-basis:33.34%\">\n<div class=\"wp-block-cover has-custom-content-position is-position-center-left wp-duotone-duotone-5\"><img decoding=\"async\" class=\"wp-block-cover__image-background wp-image-191 size-medium\" alt=\"\" src=\"https:\/\/franceameriquebourgogne.wordpress.com\/wp-content\/uploads\/2025\/08\/granny-1280445_1920-1.jpg?w=300\" style=\"object-position:12% 0%\" data-object-fit=\"cover\" data-object-position=\"12% 0%\"\/><span aria-hidden=\"true\" class=\"wp-block-cover__background has-background-dim\" style=\"background-color:#746a73\"><\/span><div class=\"wp-block-cover__inner-container is-layout-flow wp-block-cover-is-layout-flow\">\n<h3 class=\"wp-block-heading has-text-align-center has-large-font-size\">Particulier<\/h3>\n\n\n\n<p>Vous souhaitez assister \u00e0 des conf\u00e9rences et participer \u00e0 de grands diners ? Enrichir vos connaissances et votre r\u00e9seau ?<\/p>\n\n\n\n<p>L&rsquo;adh\u00e9sion est au prix de 40\u20ac.<\/p>\n<\/div><\/div>\n<\/div>\n\n\n\n<div class=\"wp-block-column is-layout-flow wp-block-column-is-layout-flow\" style=\"flex-basis:33.34%\">\n<div class=\"wp-block-cover is-light is-repeated wp-duotone-duotone-5\"><div class=\"wp-block-cover__image-background wp-image-294 size-large is-repeated\" style=\"background-position:54% 26%;background-image:url(http:\/\/franceameriquebourgogne.com\/wp-content\/uploads\/2025\/09\/couple-1790138_1280-682x1024.jpg)\"><\/div><span aria-hidden=\"true\" class=\"wp-block-cover__background has-background-dim\" style=\"background-color:#b89f8b\"><\/span><div class=\"wp-block-cover__inner-container is-layout-flow wp-block-cover-is-layout-flow\">\n<h3 class=\"wp-block-heading has-text-align-center has-base-2-color has-text-color has-link-color has-large-font-size wp-elements-b5dd39bdae25fa89c17687d19ad88595\">Couple<\/h3>\n\n\n\n<p class=\"has-base-2-color has-text-color has-link-color wp-elements-7534749843f9370cd23797a310ac5c59\">Vous souhaitez assister \u00e0 des conf\u00e9rences et participer \u00e0 de grands diners en couples (prix du repas non inclus dans l&rsquo;adh\u00e9sion) ?<\/p>\n\n\n\n<p class=\"has-base-2-color has-text-color has-link-color wp-elements-1514cb3611e9e0a5279d24c02e721368\">L&rsquo;adh\u00e9sion est au prix pr\u00e9f\u00e9rentiel de 60\u20ac, pour vous est votre partenaire (soit 30\u20ac\/personne).<\/p>\n<\/div><\/div>\n<\/div>\n\n\n\n<div class=\"wp-block-column is-layout-flow wp-block-column-is-layout-flow\" style=\"flex-basis:33.33%\">\n<div class=\"wp-block-cover is-repeated wp-duotone-rgb878787-ffffff-1\"><div class=\"wp-block-cover__image-background wp-image-187 size-large is-repeated\" style=\"background-position:54% 52%;background-image:url(https:\/\/franceameriquebourgogne.wordpress.com\/wp-content\/uploads\/2025\/08\/girl-7029035.jpg?w=640)\"><\/div><span aria-hidden=\"true\" class=\"wp-block-cover__background has-background-dim\"><\/span><div class=\"wp-block-cover__inner-container is-layout-flow wp-block-cover-is-layout-flow\">\n<div class=\"wp-block-group has-global-padding is-content-justification-center is-layout-constrained wp-block-group-is-layout-constrained\">\n<h3 class=\"wp-block-heading has-text-align-center has-large-font-size\">\u00c9tudiant<\/h3>\n\n\n\n<p>Universit\u00e9 Bourgogne Europe et la Burgundy School of Business<\/p>\n<\/div>\n\n\n\n<p>Vous souhaitez vous construire un r\u00e9seau ? Assister \u00e0 des s\u00e9minaires sur les relations diplomatiques internationales ? <\/p>\n\n\n\n<p>L&rsquo;adh\u00e9sion est gratuite, alors profitez-en !<\/p>\n<\/div><\/div>\n<\/div>\n<\/div>\n","protected":false},"excerpt":{"rendered":"<p>Je fais ma demande d&rsquo;adh\u00e9sion 1 &#8211; J&rsquo;envoie ou remet en main propre lors d&rsquo;un \u00e9v\u00e8nement un ch\u00e8que, ou je fais un virement :\u00c0 l&rsquo;ordre de FRANCE AMERIQUE BOURGOGNE, situ\u00e9 au 35 rue des \u00c9rables, 21800 Quetigny.RIB : FR76 1807 9211 8102 4522 4294 047 2 &#8211; J&rsquo;informe l&rsquo;association que le paiement de la cotisation [&hellip;]<\/p>\n","protected":false},"author":1,"featured_media":0,"parent":0,"menu_order":0,"comment_status":"closed","ping_status":"closed","template":"","meta":{"footnotes":""},"class_list":["post-22","page","type-page","status-publish","hentry"],"jetpack_sharing_enabled":true,"jetpack-related-posts":[],"_links":{"self":[{"href":"https:\/\/franceameriquebourgogne.com\/index.php\/wp-json\/wp\/v2\/pages\/22","targetHints":{"allow":["GET"]}}],"collection":[{"href":"https:\/\/franceameriquebourgogne.com\/index.php\/wp-json\/wp\/v2\/pages"}],"about":[{"href":"https:\/\/franceameriquebourgogne.com\/index.php\/wp-json\/wp\/v2\/types\/page"}],"author":[{"embeddable":true,"href":"https:\/\/franceameriquebourgogne.com\/index.php\/wp-json\/wp\/v2\/users\/1"}],"replies":[{"embeddable":true,"href":"https:\/\/franceameriquebourgogne.com\/index.php\/wp-json\/wp\/v2\/comments?post=22"}],"version-history":[{"count":7,"href":"https:\/\/franceameriquebourgogne.com\/index.php\/wp-json\/wp\/v2\/pages\/22\/revisions"}],"predecessor-version":[{"id":333,"href":"https:\/\/franceameriquebourgogne.com\/index.php\/wp-json\/wp\/v2\/pages\/22\/revisions\/333"}],"wp:attachment":[{"href":"https:\/\/franceameriquebourgogne.com\/index.php\/wp-json\/wp\/v2\/media?parent=22"}],"curies":[{"name":"wp","href":"https:\/\/api.w.org\/{rel}","templated":true}]}}