{"id":13,"date":"2025-06-26T22:15:39","date_gmt":"2025-06-26T20:15:39","guid":{"rendered":"https:\/\/franceameriquebourgogne.wordpress.com\/?page_id=13"},"modified":"2025-09-28T12:51:02","modified_gmt":"2025-09-28T12:51:02","slug":"conferences-a-venir","status":"publish","type":"page","link":"https:\/\/franceameriquebourgogne.com\/index.php\/conferences-a-venir\/","title":{"rendered":"\u00c9v\u00e8nements \u00e0 venir"},"content":{"rendered":"<div class=\"wp-block-jetpack-google-calendar alignwide\"><iframe loading=\"lazy\" src=\"https:\/\/calendar.google.com\/calendar\/embed?height=600&#038;wkst=2&#038;ctz=Europe%2FParis&#038;mode=AGENDA&#038;title=%C3%89v%C3%A8nements%20%C3%A0%20venir%20FAB&#038;src=NzhhZWVhNWFkMGZkNjQ1MzY1ZmQzZGIxNDc1NmFlNmY1MmI3Y2M2NGRiYmRlMjZjMDQwNjY4Mjk0ODUwYjYzNEBncm91cC5jYWxlbmRhci5nb29nbGUuY29t&#038;color=%23e4c441\" frameborder=\"0\" style=\"border:0\" scrolling=\"no\" height=\"600\" width=\"100%\" sandbox=\"allow-scripts allow-same-origin allow-popups\"><\/iframe><\/div>\n\n\n<p><\/p>\n","protected":false},"excerpt":{"rendered":"","protected":false},"author":1,"featured_media":0,"parent":0,"menu_order":0,"comment_status":"closed","ping_status":"closed","template":"","meta":{"footnotes":""},"class_list":["post-13","page","type-page","status-publish","hentry"],"jetpack_sharing_enabled":true,"jetpack-related-posts":[],"_links":{"self":[{"href":"https:\/\/franceameriquebourgogne.com\/index.php\/wp-json\/wp\/v2\/pages\/13","targetHints":{"allow":["GET"]}}],"collection":[{"href":"https:\/\/franceameriquebourgogne.com\/index.php\/wp-json\/wp\/v2\/pages"}],"about":[{"href":"https:\/\/franceameriquebourgogne.com\/index.php\/wp-json\/wp\/v2\/types\/page"}],"author":[{"embeddable":true,"href":"https:\/\/franceameriquebourgogne.com\/index.php\/wp-json\/wp\/v2\/users\/1"}],"replies":[{"embeddable":true,"href":"https:\/\/franceameriquebourgogne.com\/index.php\/wp-json\/wp\/v2\/comments?post=13"}],"version-history":[{"count":2,"href":"https:\/\/franceameriquebourgogne.com\/index.php\/wp-json\/wp\/v2\/pages\/13\/revisions"}],"predecessor-version":[{"id":304,"href":"https:\/\/franceameriquebourgogne.com\/index.php\/wp-json\/wp\/v2\/pages\/13\/revisions\/304"}],"wp:attachment":[{"href":"https:\/\/franceameriquebourgogne.com\/index.php\/wp-json\/wp\/v2\/media?parent=13"}],"curies":[{"name":"wp","href":"https:\/\/api.w.org\/{rel}","templated":true}]}}